{"id":602,"date":"2022-08-15T11:27:12","date_gmt":"2022-08-15T09:27:12","guid":{"rendered":"https:\/\/www.truffner.de\/shop\/?post_type=product&#038;p=602"},"modified":"2022-08-25T10:03:52","modified_gmt":"2022-08-25T08:03:52","slug":"tuebinger-pfefferwuerste","status":"publish","type":"product","link":"https:\/\/www.truffner.de\/shop\/produkt\/tuebinger-pfefferwuerste\/","title":{"rendered":"T\u00fcbinger Pfefferw\u00fcrste"},"content":{"rendered":"<blockquote><p>St\u00fcck ca. 110g<\/p><\/blockquote>\n","protected":false},"excerpt":{"rendered":"<p>St\u00fcck ca. 110g<\/p>\n","protected":false},"featured_media":0,"template":"","meta":{"_et_pb_use_builder":"","_et_pb_old_content":"","_et_gb_content_width":""},"class_list":["post-602","product","type-product","status-publish","hentry","product_cat-leberwurst","product_cat-versandprodukte","product_cat-wurst","product_cat-wurstwaren"],"_links":{"self":[{"href":"https:\/\/www.truffner.de\/shop\/wp-json\/wp\/v2\/product\/602","targetHints":{"allow":["GET"]}}],"collection":[{"href":"https:\/\/www.truffner.de\/shop\/wp-json\/wp\/v2\/product"}],"about":[{"href":"https:\/\/www.truffner.de\/shop\/wp-json\/wp\/v2\/types\/product"}],"wp:attachment":[{"href":"https:\/\/www.truffner.de\/shop\/wp-json\/wp\/v2\/media?parent=602"}],"curies":[{"name":"wp","href":"https:\/\/api.w.org\/{rel}","templated":true}]}}